{"id":1376,"date":"2019-04-02T09:16:50","date_gmt":"2019-04-02T07:16:50","guid":{"rendered":"https:\/\/vcd-augsburg.de\/?page_id=1376"},"modified":"2020-03-06T09:24:37","modified_gmt":"2020-03-06T08:24:37","slug":"bahnprojekt-ulm-augsburg","status":"publish","type":"page","link":"https:\/\/vcd-augsburg.de\/?page_id=1376","title":{"rendered":"Bahnprojekt Ulm-Augsburg"},"content":{"rendered":"\r\n<div class=\"pt-cv-wrapper\"><div class=\"pt-cv-view pt-cv-grid pt-cv-colsys\" id=\"pt-cv-view-acefb7892h\"><div data-id=\"pt-cv-page-1\" class=\"pt-cv-page\" data-cvc=\"2\"><div class=\"col-md-6 col-sm-6 col-xs-12 pt-cv-content-item pt-cv-1-col\" ><div class='pt-cv-ifield'><a href=\"https:\/\/vcd-augsburg.de\/?p=2474\" class=\"_self pt-cv-href-thumbnail pt-cv-thumb-default\" target=\"_self\" ><img loading=\"lazy\" decoding=\"async\" width=\"300\" height=\"158\" src=\"https:\/\/vcd-augsburg.de\/wp-content\/uploads\/2021\/01\/rails-4353313_1280-300x158.jpg\" class=\"pt-cv-thumbnail\" alt=\"\" srcset=\"https:\/\/vcd-augsburg.de\/wp-content\/uploads\/2021\/01\/rails-4353313_1280-300x158.jpg 300w, https:\/\/vcd-augsburg.de\/wp-content\/uploads\/2021\/01\/rails-4353313_1280-1024x538.jpg 1024w, https:\/\/vcd-augsburg.de\/wp-content\/uploads\/2021\/01\/rails-4353313_1280-768x403.jpg 768w, https:\/\/vcd-augsburg.de\/wp-content\/uploads\/2021\/01\/rails-4353313_1280-640x336.jpg 640w, https:\/\/vcd-augsburg.de\/wp-content\/uploads\/2021\/01\/rails-4353313_1280.jpg 1200w\" sizes=\"auto, (max-width: 300px) 100vw, 300px\" \/><\/a>\n<h4 class=\"pt-cv-title\"><a href=\"https:\/\/vcd-augsburg.de\/?p=2474\" class=\"_self\" target=\"_self\" >Vorzugstrasse Ulm \u2013 Augsburg<\/a><\/h4>\n<div class=\"pt-cv-content\">Quelle: Pressemitteilung, VCD-Kreisverband Augsburg, 21.6.2024 Der VCD Augsburg unterst\u00fctzt die von der Bahn ausgew\u00e4hlte Vorzugstrasse f\u00fcr die Schnellstrecke Ulm \u2013 ...<br \/><div class=\"pt-cv-rmwrap\"><a href=\"https:\/\/vcd-augsburg.de\/?p=2474\" class=\"_self pt-cv-readmore btn btn-success\" target=\"_self\">Weiterlesen \u2026<\/a><\/div><\/div><\/div><\/div>\n<div class=\"col-md-6 col-sm-6 col-xs-12 pt-cv-content-item pt-cv-1-col\" ><div class='pt-cv-ifield'><a href=\"https:\/\/vcd-augsburg.de\/?p=2464\" class=\"_self pt-cv-href-thumbnail pt-cv-thumb-default\" target=\"_self\" ><img loading=\"lazy\" decoding=\"async\" width=\"300\" height=\"158\" src=\"https:\/\/vcd-augsburg.de\/wp-content\/uploads\/2022\/02\/intercity-express-1284735_1280-300x158.jpg\" class=\"pt-cv-thumbnail\" alt=\"\" srcset=\"https:\/\/vcd-augsburg.de\/wp-content\/uploads\/2022\/02\/intercity-express-1284735_1280-300x158.jpg 300w, https:\/\/vcd-augsburg.de\/wp-content\/uploads\/2022\/02\/intercity-express-1284735_1280-1024x538.jpg 1024w, https:\/\/vcd-augsburg.de\/wp-content\/uploads\/2022\/02\/intercity-express-1284735_1280-768x403.jpg 768w, https:\/\/vcd-augsburg.de\/wp-content\/uploads\/2022\/02\/intercity-express-1284735_1280-640x336.jpg 640w, https:\/\/vcd-augsburg.de\/wp-content\/uploads\/2022\/02\/intercity-express-1284735_1280.jpg 1200w\" sizes=\"auto, (max-width: 300px) 100vw, 300px\" \/><\/a>\n<h4 class=\"pt-cv-title\"><a href=\"https:\/\/vcd-augsburg.de\/?p=2464\" class=\"_self\" target=\"_self\" >Raumordnungsverfahren f\u00fcr den Aus- und Neubau der Bahnstrecke Ulm-Augsburg abgeschlossen<\/a><\/h4>\n<div class=\"pt-cv-content\">Quelle: Bayerische Staatsregierung, 29. 5. 2024 Augsburg\/M\u00fcnchen: Die Bahnstrecke zwischen Ulm und Augsburg soll ausgebaut und durch neue Teilabschnitte erg\u00e4nzt ...<br \/><div class=\"pt-cv-rmwrap\"><a href=\"https:\/\/vcd-augsburg.de\/?p=2464\" class=\"_self pt-cv-readmore btn btn-success\" target=\"_self\">Weiterlesen \u2026<\/a><\/div><\/div><\/div><\/div>\n<div class=\"col-md-6 col-sm-6 col-xs-12 pt-cv-content-item pt-cv-1-col\" ><div class='pt-cv-ifield'><a href=\"https:\/\/vcd-augsburg.de\/?p=2417\" class=\"_self pt-cv-href-thumbnail pt-cv-thumb-default\" target=\"_self\" ><img loading=\"lazy\" decoding=\"async\" width=\"300\" height=\"158\" src=\"https:\/\/vcd-augsburg.de\/wp-content\/uploads\/2020\/10\/ice-3228041_1280-300x158.jpg\" class=\"pt-cv-thumbnail\" alt=\"\" srcset=\"https:\/\/vcd-augsburg.de\/wp-content\/uploads\/2020\/10\/ice-3228041_1280-300x158.jpg 300w, https:\/\/vcd-augsburg.de\/wp-content\/uploads\/2020\/10\/ice-3228041_1280-1024x538.jpg 1024w, https:\/\/vcd-augsburg.de\/wp-content\/uploads\/2020\/10\/ice-3228041_1280-768x403.jpg 768w, https:\/\/vcd-augsburg.de\/wp-content\/uploads\/2020\/10\/ice-3228041_1280-640x336.jpg 640w, https:\/\/vcd-augsburg.de\/wp-content\/uploads\/2020\/10\/ice-3228041_1280.jpg 1200w\" sizes=\"auto, (max-width: 300px) 100vw, 300px\" \/><\/a>\n<h4 class=\"pt-cv-title\"><a href=\"https:\/\/vcd-augsburg.de\/?p=2417\" class=\"_self\" target=\"_self\" >Raumordnungsverfahren ABS\/NBS Ulm-Augsburg<\/a><\/h4>\n<div class=\"pt-cv-content\">Quelle: VCD Augsburg, unser Schreiben vom 31.10.2023 an die Regierung von Schwaben der VCD Kreisverband Augsburg e.V. hat sich bereits ...<br \/><div class=\"pt-cv-rmwrap\"><a href=\"https:\/\/vcd-augsburg.de\/?p=2417\" class=\"_self pt-cv-readmore btn btn-success\" target=\"_self\">Weiterlesen \u2026<\/a><\/div><\/div><\/div><\/div>\n<div class=\"col-md-6 col-sm-6 col-xs-12 pt-cv-content-item pt-cv-1-col\" ><div class='pt-cv-ifield'><a href=\"https:\/\/vcd-augsburg.de\/?p=2380\" class=\"_self pt-cv-href-thumbnail pt-cv-thumb-default\" target=\"_self\" ><img loading=\"lazy\" decoding=\"async\" width=\"300\" height=\"158\" src=\"https:\/\/vcd-augsburg.de\/wp-content\/uploads\/2023\/05\/intercity-express-gce83393bb_1280-300x158.jpg\" class=\"pt-cv-thumbnail\" alt=\"\" srcset=\"https:\/\/vcd-augsburg.de\/wp-content\/uploads\/2023\/05\/intercity-express-gce83393bb_1280-300x158.jpg 300w, https:\/\/vcd-augsburg.de\/wp-content\/uploads\/2023\/05\/intercity-express-gce83393bb_1280-1024x538.jpg 1024w, https:\/\/vcd-augsburg.de\/wp-content\/uploads\/2023\/05\/intercity-express-gce83393bb_1280-768x403.jpg 768w, https:\/\/vcd-augsburg.de\/wp-content\/uploads\/2023\/05\/intercity-express-gce83393bb_1280-640x336.jpg 640w, https:\/\/vcd-augsburg.de\/wp-content\/uploads\/2023\/05\/intercity-express-gce83393bb_1280.jpg 1200w\" sizes=\"auto, (max-width: 300px) 100vw, 300px\" \/><\/a>\n<h4 class=\"pt-cv-title\"><a href=\"https:\/\/vcd-augsburg.de\/?p=2380\" class=\"_self\" target=\"_self\" >Neuigkeiten aus dem Projekt Ulm\u2013Augsburg<\/a><\/h4>\n<div class=\"pt-cv-content\">Quelle: ulm-augsburg.de 4. Workshop zum Dialogforum: Hinweise zum Kriterienkatalog erl\u00e4utert Rund 40 Mitglieder diskutieren den Kriterienkatalog, mit dem die vier ...<br \/><div class=\"pt-cv-rmwrap\"><a href=\"https:\/\/vcd-augsburg.de\/?p=2380\" class=\"_self pt-cv-readmore btn btn-success\" target=\"_self\">Weiterlesen \u2026<\/a><\/div><\/div><\/div><\/div>\n<div class=\"col-md-6 col-sm-6 col-xs-12 pt-cv-content-item pt-cv-1-col\" ><div class='pt-cv-ifield'><a href=\"https:\/\/vcd-augsburg.de\/?p=2273\" class=\"_self pt-cv-href-thumbnail pt-cv-thumb-default\" target=\"_self\" ><img loading=\"lazy\" decoding=\"async\" width=\"300\" height=\"158\" src=\"https:\/\/vcd-augsburg.de\/wp-content\/uploads\/2022\/06\/train-gdb248a668_1280-300x158.jpg\" class=\"pt-cv-thumbnail\" alt=\"\" srcset=\"https:\/\/vcd-augsburg.de\/wp-content\/uploads\/2022\/06\/train-gdb248a668_1280-300x158.jpg 300w, https:\/\/vcd-augsburg.de\/wp-content\/uploads\/2022\/06\/train-gdb248a668_1280-1024x538.jpg 1024w, https:\/\/vcd-augsburg.de\/wp-content\/uploads\/2022\/06\/train-gdb248a668_1280-768x403.jpg 768w, https:\/\/vcd-augsburg.de\/wp-content\/uploads\/2022\/06\/train-gdb248a668_1280-640x336.jpg 640w, https:\/\/vcd-augsburg.de\/wp-content\/uploads\/2022\/06\/train-gdb248a668_1280.jpg 1200w\" sizes=\"auto, (max-width: 300px) 100vw, 300px\" \/><\/a>\n<h4 class=\"pt-cv-title\"><a href=\"https:\/\/vcd-augsburg.de\/?p=2273\" class=\"_self\" target=\"_self\" >ICE-Trasse zwischen Augsburg und Ulm: Bahn widerspricht Abgeordnetem Hansj\u00f6rg Durz<\/a><\/h4>\n<div class=\"pt-cv-content\">Quelle: Stadtzeitung, Markus H\u00f6ck, 31.5.2022 Quelle: DB-Pressemitteilung \u2013 Bahnprojekt Ulm-Augsburg: Bund best\u00e4tigt Planungsauftrag Unruhe hat Bundestagsabgeordneter Hansj\u00f6rg Durz (CSU) am ...<br \/><div class=\"pt-cv-rmwrap\"><a href=\"https:\/\/vcd-augsburg.de\/?p=2273\" class=\"_self pt-cv-readmore btn btn-success\" target=\"_self\">Weiterlesen \u2026<\/a><\/div><\/div><\/div><\/div>\n<div class=\"col-md-6 col-sm-6 col-xs-12 pt-cv-content-item pt-cv-1-col\" ><div class='pt-cv-ifield'><a href=\"https:\/\/vcd-augsburg.de\/?p=2270\" class=\"_self pt-cv-href-thumbnail pt-cv-thumb-default\" target=\"_self\" ><img loading=\"lazy\" decoding=\"async\" width=\"300\" height=\"158\" src=\"https:\/\/vcd-augsburg.de\/wp-content\/uploads\/2022\/05\/railway-g1ca6ae091_1280-300x158.jpg\" class=\"pt-cv-thumbnail\" alt=\"\" srcset=\"https:\/\/vcd-augsburg.de\/wp-content\/uploads\/2022\/05\/railway-g1ca6ae091_1280-300x158.jpg 300w, https:\/\/vcd-augsburg.de\/wp-content\/uploads\/2022\/05\/railway-g1ca6ae091_1280-1024x538.jpg 1024w, https:\/\/vcd-augsburg.de\/wp-content\/uploads\/2022\/05\/railway-g1ca6ae091_1280-768x403.jpg 768w, https:\/\/vcd-augsburg.de\/wp-content\/uploads\/2022\/05\/railway-g1ca6ae091_1280-640x336.jpg 640w, https:\/\/vcd-augsburg.de\/wp-content\/uploads\/2022\/05\/railway-g1ca6ae091_1280.jpg 1200w\" sizes=\"auto, (max-width: 300px) 100vw, 300px\" \/><\/a>\n<h4 class=\"pt-cv-title\"><a href=\"https:\/\/vcd-augsburg.de\/?p=2270\" class=\"_self\" target=\"_self\" >Stellungnahme der B\u00fcrgerinitiative auf aktuelle Presseartikel<\/a><\/h4>\n<div class=\"pt-cv-content\">Quelle: B\u00fcrgerinitiative Bahnausbau 2.1, 31.5.2022 F\u00fcr Irritation sorgt zur Zeit die von Politik und von B\u00fcrgerinitiativen im westlichen Landkreis verbreiteten ...<br \/><div class=\"pt-cv-rmwrap\"><a href=\"https:\/\/vcd-augsburg.de\/?p=2270\" class=\"_self pt-cv-readmore btn btn-success\" target=\"_self\">Weiterlesen \u2026<\/a><\/div><\/div><\/div><\/div><\/div><\/div>\n<div class=\" pt-cv-pagination-wrapper\"><ul class=\"pt-cv-pagination pt-cv-ajax pagination\" data-totalpages=\"7\" data-currentpage=\"1\" data-sid=\"acefb7892h\" data-unid=\"\" data-isblock=\"\" data-postid=\"\"><li class=\"active\"><a href=\"#\">1<\/a><\/li>\n\t<li ><a class=\"\" href=\"https:\/\/vcd-augsburg.de\/index.php\/?_page=2&#038;rest_route=%2Fwp%2Fv2%2Fpages%2F1376\">2<\/a><\/li>\n\t<li ><a class=\"\" href=\"https:\/\/vcd-augsburg.de\/index.php\/?_page=3&#038;rest_route=%2Fwp%2Fv2%2Fpages%2F1376\">3<\/a><\/li>\n\t<li ><a href=\"#\">&hellip;<\/a><\/li>\n\t<li ><a class=\"\" href=\"https:\/\/vcd-augsburg.de\/index.php\/?_page=7&#038;rest_route=%2Fwp%2Fv2%2Fpages%2F1376\">7<\/a><\/li>\n\t<li ><a class=\" \" href=\"https:\/\/vcd-augsburg.de\/index.php\/?_page=2&#038;rest_route=%2Fwp%2Fv2%2Fpages%2F1376\">&rsaquo;<\/a><\/li>\n\t<\/ul><img loading=\"lazy\" decoding=\"async\" width=\"15\" height=\"15\" class=\"pt-cv-spinner\" alt=\"Wird geladen\u00a0\u2026\" src=\"data:image\/gif;base64,R0lGODlhDwAPALMPAMrKygwMDJOTkz09PZWVla+vr3p6euTk5M7OzuXl5TMzMwAAAJmZmWZmZszMzP\/\/\/yH\/C05FVFNDQVBFMi4wAwEAAAAh+QQFCgAPACwAAAAADwAPAAAEQvDJaZaZOIcV8iQK8VRX4iTYoAwZ4iCYoAjZ4RxejhVNoT+mRGP4cyF4Pp0N98sBGIBMEMOotl6YZ3S61Bmbkm4mAgAh+QQFCgAPACwAAAAADQANAAAENPDJSRSZeA418itN8QiK8BiLITVsFiyBBIoYqnoewAD4xPw9iY4XLGYSjkQR4UAUD45DLwIAIfkEBQoADwAsAAAAAA8ACQAABC\/wyVlamTi3nSdgwFNdhEJgTJoNyoB9ISYoQmdjiZPcj7EYCAeCF1gEDo4Dz2eIAAAh+QQFCgAPACwCAAAADQANAAAEM\/DJBxiYeLKdX3IJZT1FU0iIg2RNKx3OkZVnZ98ToRD4MyiDnkAh6BkNC0MvsAj0kMpHBAAh+QQFCgAPACwGAAAACQAPAAAEMDC59KpFDll73HkAA2wVY5KgiK5b0RRoI6MuzG6EQqCDMlSGheEhUAgqgUUAFRySIgAh+QQFCgAPACwCAAIADQANAAAEM\/DJKZNLND\/kkKaHc3xk+QAMYDKsiaqmZCxGVjSFFCxB1vwy2oOgIDxuucxAMTAJFAJNBAAh+QQFCgAPACwAAAYADwAJAAAEMNAs86q1yaWwwv2Ig0jUZx3OYa4XoRAfwADXoAwfo1+CIjyFRuEho60aSNYlOPxEAAAh+QQFCgAPACwAAAIADQANAAAENPA9s4y8+IUVcqaWJ4qEQozSoAzoIyhCK2NFU2SJk0hNnyEOhKR2AzAAj4Pj4GE4W0bkJQIAOw==\" \/><div class=\"clear pt-cv-clear-pagination\"><\/div><\/div><\/div>\r\n\r\n\r\n<div class=\"shariff shariff-align-flex-start shariff-widget-align-flex-start\" data-services=\"facebook\" data-url=\"https%3A%2F%2Fvcd-augsburg.de%2F%3Fpage_id%3D1376\" data-timestamp=\"1583486677\" data-backendurl=\"?rest_route=\/shariff\/v1\/share_counts&\"><ul class=\"shariff-buttons theme-default orientation-horizontal buttonsize-medium\"><li class=\"shariff-button facebook shariff-nocustomcolor\" style=\"background-color:#4273c8\"><a href=\"https:\/\/www.facebook.com\/sharer\/sharer.php?u=https%3A%2F%2Fvcd-augsburg.de%2F%3Fpage_id%3D1376\" title=\"Bei Facebook teilen\" aria-label=\"Bei Facebook teilen\" role=\"button\" rel=\"nofollow\" class=\"shariff-link\" style=\"; background-color:#3b5998; color:#fff\" target=\"_blank\"><span class=\"shariff-icon\" style=\"\"><svg width=\"32px\" height=\"20px\" xmlns=\"http:\/\/www.w3.org\/2000\/svg\" viewBox=\"0 0 18 32\"><path fill=\"#3b5998\" d=\"M17.1 0.2v4.7h-2.8q-1.5 0-2.1 0.6t-0.5 1.9v3.4h5.2l-0.7 5.3h-4.5v13.6h-5.5v-13.6h-4.5v-5.3h4.5v-3.9q0-3.3 1.9-5.2t5-1.8q2.6 0 4.1 0.2z\"\/><\/svg><\/span><span class=\"shariff-text\">teilen<\/span>&nbsp;<\/a><\/li><li class=\"shariff-button mailto shariff-nocustomcolor\" style=\"background-color:#a8a8a8\"><a href=\"mailto:?body=https%3A%2F%2Fvcd-augsburg.de%2F%3Fpage_id%3D1376&subject=Bahnprojekt%20Ulm-Augsburg\" title=\"Per E-Mail versenden\" aria-label=\"Per E-Mail versenden\" role=\"button\" rel=\"noopener nofollow\" class=\"shariff-link\" style=\"; background-color:#999; color:#fff\"><span class=\"shariff-icon\" style=\"\"><svg width=\"32px\" height=\"20px\" xmlns=\"http:\/\/www.w3.org\/2000\/svg\" viewBox=\"0 0 32 32\"><path fill=\"#999\" d=\"M32 12.7v14.2q0 1.2-0.8 2t-2 0.9h-26.3q-1.2 0-2-0.9t-0.8-2v-14.2q0.8 0.9 1.8 1.6 6.5 4.4 8.9 6.1 1 0.8 1.6 1.2t1.7 0.9 2 0.4h0.1q0.9 0 2-0.4t1.7-0.9 1.6-1.2q3-2.2 8.9-6.1 1-0.7 1.8-1.6zM32 7.4q0 1.4-0.9 2.7t-2.2 2.2q-6.7 4.7-8.4 5.8-0.2 0.1-0.7 0.5t-1 0.7-0.9 0.6-1.1 0.5-0.9 0.2h-0.1q-0.4 0-0.9-0.2t-1.1-0.5-0.9-0.6-1-0.7-0.7-0.5q-1.6-1.1-4.7-3.2t-3.6-2.6q-1.1-0.7-2.1-2t-1-2.5q0-1.4 0.7-2.3t2.1-0.9h26.3q1.2 0 2 0.8t0.9 2z\"\/><\/svg><\/span><span class=\"shariff-text\">E-Mail<\/span>&nbsp;<\/a><\/li><li class=\"shariff-button printer shariff-nocustomcolor\" style=\"background-color:#a8a8a8\"><a href=\"javascript:window.print()\" title=\"drucken\" aria-label=\"drucken\" role=\"button\" rel=\"noopener nofollow\" class=\"shariff-link\" style=\"; background-color:#999; color:#fff\"><span class=\"shariff-icon\" style=\"\"><svg width=\"32px\" height=\"20px\" xmlns=\"http:\/\/www.w3.org\/2000\/svg\" viewBox=\"0 0 30 32\"><path fill=\"#999\" d=\"M6.8 27.4h16v-4.6h-16v4.6zM6.8 16h16v-6.8h-2.8q-0.7 0-1.2-0.5t-0.5-1.2v-2.8h-11.4v11.4zM27.4 17.2q0-0.5-0.3-0.8t-0.8-0.4-0.8 0.4-0.3 0.8 0.3 0.8 0.8 0.3 0.8-0.3 0.3-0.8zM29.7 17.2v7.4q0 0.2-0.2 0.4t-0.4 0.2h-4v2.8q0 0.7-0.5 1.2t-1.2 0.5h-17.2q-0.7 0-1.2-0.5t-0.5-1.2v-2.8h-4q-0.2 0-0.4-0.2t-0.2-0.4v-7.4q0-1.4 1-2.4t2.4-1h1.2v-9.7q0-0.7 0.5-1.2t1.2-0.5h12q0.7 0 1.6 0.4t1.3 0.8l2.7 2.7q0.5 0.5 0.9 1.4t0.4 1.6v4.6h1.1q1.4 0 2.4 1t1 2.4z\"\/><\/svg><\/span><span class=\"shariff-text\">drucken<\/span>&nbsp;<\/a><\/li><li class=\"shariff-button rss shariff-nocustomcolor\" style=\"background-color:#ff8c00\"><a href=\"https:\/\/vcd-augsburg.de\/?feed=rss\" title=\"RSS-feed\" aria-label=\"RSS-feed\" role=\"button\" class=\"shariff-link\" style=\"; background-color:#fe9312; color:#fff\" target=\"_blank\"><span class=\"shariff-icon\" style=\"\"><svg width=\"32px\" height=\"20px\" xmlns=\"http:\/\/www.w3.org\/2000\/svg\" viewBox=\"0 0 32 32\"><path fill=\"#fe9312\" d=\"M4.3 23.5c-2.3 0-4.3 1.9-4.3 4.3 0 2.3 1.9 4.2 4.3 4.2 2.4 0 4.3-1.9 4.3-4.2 0-2.3-1.9-4.3-4.3-4.3zM0 10.9v6.1c4 0 7.7 1.6 10.6 4.4 2.8 2.8 4.4 6.6 4.4 10.6h6.2c0-11.7-9.5-21.1-21.1-21.1zM0 0v6.1c14.2 0 25.8 11.6 25.8 25.9h6.2c0-17.6-14.4-32-32-32z\"\/><\/svg><\/span><span class=\"shariff-text\">RSS-feed<\/span>&nbsp;<\/a><\/li><\/ul><\/div>","protected":false},"excerpt":{"rendered":"","protected":false},"author":1,"featured_media":0,"parent":0,"menu_order":0,"comment_status":"closed","ping_status":"closed","template":"","meta":{"footnotes":""},"class_list":["post-1376","page","type-page","status-publish","hentry","no-comments"],"_links":{"self":[{"href":"https:\/\/vcd-augsburg.de\/index.php?rest_route=\/wp\/v2\/pages\/1376","targetHints":{"allow":["GET"]}}],"collection":[{"href":"https:\/\/vcd-augsburg.de\/index.php?rest_route=\/wp\/v2\/pages"}],"about":[{"href":"https:\/\/vcd-augsburg.de\/index.php?rest_route=\/wp\/v2\/types\/page"}],"author":[{"embeddable":true,"href":"https:\/\/vcd-augsburg.de\/index.php?rest_route=\/wp\/v2\/users\/1"}],"replies":[{"embeddable":true,"href":"https:\/\/vcd-augsburg.de\/index.php?rest_route=%2Fwp%2Fv2%2Fcomments&post=1376"}],"version-history":[{"count":11,"href":"https:\/\/vcd-augsburg.de\/index.php?rest_route=\/wp\/v2\/pages\/1376\/revisions"}],"predecessor-version":[{"id":1652,"href":"https:\/\/vcd-augsburg.de\/index.php?rest_route=\/wp\/v2\/pages\/1376\/revisions\/1652"}],"wp:attachment":[{"href":"https:\/\/vcd-augsburg.de\/index.php?rest_route=%2Fwp%2Fv2%2Fmedia&parent=1376"}],"curies":[{"name":"wp","href":"https:\/\/api.w.org\/{rel}","templated":true}]}}